{"id":7,"date":"2023-06-03T14:02:57","date_gmt":"2023-06-03T12:02:57","guid":{"rendered":"http:\/\/lebanquetmusical68.fr\/?page_id=7"},"modified":"2024-12-12T14:47:05","modified_gmt":"2024-12-12T13:47:05","slug":"accueil","status":"publish","type":"page","link":"https:\/\/lebanquetmusical68.fr\/","title":{"rendered":"Accueil"},"content":{"rendered":"\t\t<div data-elementor-type=\"wp-page\" data-elementor-id=\"7\" class=\"elementor elementor-7\">\n\t\t\t\t<div class=\"elementor-element elementor-element-9283d7c e-flex e-con-boxed e-con e-parent\" data-id=\"9283d7c\" data-element_type=\"container\">\n\t\t\t\t\t<div class=\"e-con-inner\">\n\t\t\t\t<div class=\"elementor-element elementor-element-8fea27d elementor-button-success elementor-align-left elementor-widget__width-initial elementor-mobile-align-left elementor-widget elementor-widget-button\" data-id=\"8fea27d\" data-element_type=\"widget\" data-widget_type=\"button.default\">\n\t\t\t\t<div class=\"elementor-widget-container\">\n\t\t\t\t\t\t\t\t\t<div class=\"elementor-button-wrapper\">\n\t\t\t\t\t<a class=\"elementor-button elementor-button-link elementor-size-sm elementor-animation-grow\" href=\"#plus\">\n\t\t\t\t\t\t<span class=\"elementor-button-content-wrapper\">\n\t\t\t\t\t\t<span class=\"elementor-button-icon\">\n\t\t\t\t<i aria-hidden=\"true\" class=\"fas fa-music\"><\/i>\t\t\t<\/span>\n\t\t\t\t\t\t\t\t\t<span class=\"elementor-button-text\">Le Banquet<\/span>\n\t\t\t\t\t<\/span>\n\t\t\t\t\t<\/a>\n\t\t\t\t<\/div>\n\t\t\t\t\t\t\t\t<\/div>\n\t\t\t\t<\/div>\n\t\t\t\t<div class=\"elementor-element elementor-element-22b8d20 elementor-button-success elementor-widget__width-initial elementor-widget elementor-widget-button\" data-id=\"22b8d20\" data-element_type=\"widget\" data-widget_type=\"button.default\">\n\t\t\t\t<div class=\"elementor-widget-container\">\n\t\t\t\t\t\t\t\t\t<div class=\"elementor-button-wrapper\">\n\t\t\t\t\t<a class=\"elementor-button elementor-button-link elementor-size-sm elementor-animation-grow\" href=\"https:\/\/lebanquetmusical68.fr\/?post_type=tribe_events\">\n\t\t\t\t\t\t<span class=\"elementor-button-content-wrapper\">\n\t\t\t\t\t\t\t\t\t<span class=\"elementor-button-text\">Ev\u00e9nements<\/span>\n\t\t\t\t\t<\/span>\n\t\t\t\t\t<\/a>\n\t\t\t\t<\/div>\n\t\t\t\t\t\t\t\t<\/div>\n\t\t\t\t<\/div>\n\t\t\t\t<div class=\"elementor-element elementor-element-4e30c17 elementor-button-success elementor-widget__width-initial elementor-widget elementor-widget-button\" data-id=\"4e30c17\" data-element_type=\"widget\" data-widget_type=\"button.default\">\n\t\t\t\t<div class=\"elementor-widget-container\">\n\t\t\t\t\t\t\t\t\t<div class=\"elementor-button-wrapper\">\n\t\t\t\t\t<a class=\"elementor-button elementor-button-link elementor-size-sm elementor-animation-grow\" href=\"https:\/\/lebanquetmusical68.fr\/?page_id=10\">\n\t\t\t\t\t\t<span class=\"elementor-button-content-wrapper\">\n\t\t\t\t\t\t<span class=\"elementor-button-icon\">\n\t\t\t\t<i aria-hidden=\"true\" class=\"fas fa-satellite-dish\"><\/i>\t\t\t<\/span>\n\t\t\t\t\t\t\t\t\t<span class=\"elementor-button-text\">Contact<\/span>\n\t\t\t\t\t<\/span>\n\t\t\t\t\t<\/a>\n\t\t\t\t<\/div>\n\t\t\t\t\t\t\t\t<\/div>\n\t\t\t\t<\/div>\n\t\t\t\t<div class=\"elementor-element elementor-element-a70af7c elementor-button-success elementor-widget__width-initial elementor-widget elementor-widget-button\" data-id=\"a70af7c\" data-element_type=\"widget\" data-widget_type=\"button.default\">\n\t\t\t\t<div class=\"elementor-widget-container\">\n\t\t\t\t\t\t\t\t\t<div class=\"elementor-button-wrapper\">\n\t\t\t\t\t<a class=\"elementor-button elementor-button-link elementor-size-sm elementor-animation-grow\" href=\"https:\/\/lebanquetmusical68.fr\/?p=1\">\n\t\t\t\t\t\t<span class=\"elementor-button-content-wrapper\">\n\t\t\t\t\t\t<span class=\"elementor-button-icon\">\n\t\t\t\t<i aria-hidden=\"true\" class=\"fas fa-scroll\"><\/i>\t\t\t<\/span>\n\t\t\t\t\t\t\t\t\t<span class=\"elementor-button-text\">Le Blog<\/span>\n\t\t\t\t\t<\/span>\n\t\t\t\t\t<\/a>\n\t\t\t\t<\/div>\n\t\t\t\t\t\t\t\t<\/div>\n\t\t\t\t<\/div>\n\t\t\t\t\t<\/div>\n\t\t\t\t<\/div>\n\t\t<div class=\"elementor-element elementor-element-d092feb e-flex e-con-boxed e-con e-parent\" data-id=\"d092feb\" data-element_type=\"container\" data-settings=\"{&quot;background_background&quot;:&quot;classic&quot;}\">\n\t\t\t\t\t<div class=\"e-con-inner\">\n\t\t\t\t<div class=\"elementor-element elementor-element-2a78f7c elementor-widget elementor-widget-heading\" data-id=\"2a78f7c\" data-element_type=\"widget\" data-widget_type=\"heading.default\">\n\t\t\t\t<div class=\"elementor-widget-container\">\n\t\t\t\t\t<h2 class=\"elementor-heading-title elementor-size-default\">Ensemble vocal et instrumental baroque<\/h2>\t\t\t\t<\/div>\n\t\t\t\t<\/div>\n\t\t\t\t<div class=\"elementor-element elementor-element-10ae40a elementor-widget elementor-widget-text-editor\" data-id=\"10ae40a\" data-element_type=\"widget\" data-widget_type=\"text-editor.default\">\n\t\t\t\t<div class=\"elementor-widget-container\">\n\t\t\t\t\t\t\t\t\t<p>Le groupe \u00ab\u00a0Le Banquet Musical\u00a0\u00bb se sp\u00e9cialise dans l&rsquo;interpr\u00e9tation de la musique baroque, en mettant l&rsquo;accent sur le r\u00e9pertoire des XVIIe et XVIIIe si\u00e8cles. Les musiciens se produisent avec des instruments d&rsquo;\u00e9poque et s&rsquo;efforcent de recr\u00e9er le son et le style authentiques de la musique baroque. Le groupe se produit lors de concerts et d&rsquo;\u00e9v\u00e9nements li\u00e9s \u00e0 la musique baroque dans la r\u00e9gion de Mulhouse et au-del\u00e0.<\/p>\t\t\t\t\t\t\t\t<\/div>\n\t\t\t\t<\/div>\n\t\t\t\t\t<\/div>\n\t\t\t\t<\/div>\n\t\t<div class=\"elementor-element elementor-element-61c634a e-con-full e-flex e-con e-parent\" data-id=\"61c634a\" data-element_type=\"container\">\n\t\t<div class=\"elementor-element elementor-element-b1c1756 e-con-full e-flex e-con e-child\" data-id=\"b1c1756\" data-element_type=\"container\">\n\t\t\t\t<div class=\"elementor-element elementor-element-a297d26 animated-slow elementor-invisible elementor-widget elementor-widget-image\" data-id=\"a297d26\" data-element_type=\"widget\" id=\"plus\" data-settings=\"{&quot;_animation&quot;:&quot;fadeInLeft&quot;}\" data-widget_type=\"image.default\">\n\t\t\t\t<div class=\"elementor-widget-container\">\n\t\t\t\t\t\t\t\t\t\t\t\t\t\t\t<img fetchpriority=\"high\" decoding=\"async\" width=\"1024\" height=\"645\" src=\"https:\/\/lebanquetmusical68.fr\/wp-content\/uploads\/2023\/06\/Banquet-logo-coul-1024x645.jpg\" class=\"attachment-large size-large wp-image-53\" alt=\"\" srcset=\"https:\/\/lebanquetmusical68.fr\/wp-content\/uploads\/2023\/06\/Banquet-logo-coul-1024x645.jpg 1024w, https:\/\/lebanquetmusical68.fr\/wp-content\/uploads\/2023\/06\/Banquet-logo-coul-300x189.jpg 300w, https:\/\/lebanquetmusical68.fr\/wp-content\/uploads\/2023\/06\/Banquet-logo-coul-768x484.jpg 768w, https:\/\/lebanquetmusical68.fr\/wp-content\/uploads\/2023\/06\/Banquet-logo-coul-1536x967.jpg 1536w, https:\/\/lebanquetmusical68.fr\/wp-content\/uploads\/2023\/06\/Banquet-logo-coul-2048x1290.jpg 2048w\" sizes=\"(max-width: 1024px) 100vw, 1024px\" \/>\t\t\t\t\t\t\t\t\t\t\t\t\t\t\t<\/div>\n\t\t\t\t<\/div>\n\t\t\t\t<\/div>\n\t\t<div class=\"elementor-element elementor-element-656549a e-con-full e-flex e-con e-child\" data-id=\"656549a\" data-element_type=\"container\">\n\t\t\t\t<div class=\"elementor-element elementor-element-30423a3 elementor-widget elementor-widget-heading\" data-id=\"30423a3\" data-element_type=\"widget\" data-widget_type=\"heading.default\">\n\t\t\t\t<div class=\"elementor-widget-container\">\n\t\t\t\t\t<h2 class=\"elementor-heading-title elementor-size-default\">Pr\u00e9sentation<\/h2>\t\t\t\t<\/div>\n\t\t\t\t<\/div>\n\t\t\t\t<div class=\"elementor-element elementor-element-3baa767 elementor-widget elementor-widget-text-editor\" data-id=\"3baa767\" data-element_type=\"widget\" data-widget_type=\"text-editor.default\">\n\t\t\t\t<div class=\"elementor-widget-container\">\n\t\t\t\t\t\t\t\t\t<p>Fonde\u0301 en 1993, Le Banquet Musical est un ensemble de musiciens et chanteurs amateurs e\u0301claire\u0301s et professionnels, passionne\u0301s par la Musique Baroque.<br \/>Deux violons, deux fl\u00fbtes, traverso, alto et un continuo m\u00ealant clavecin, orgue positif, violoncelle et une contrebasse accompagnent quatre chanteurs solistes (ou plus selon les besoins), soprane, alto, t\u00e9nor et baryton-basse. Selon les programmes, <br \/>Notre ensemble est en constante recherche dans la technique, l\u2019interpr\u00e9tation et la qualit\u00e9\u0301 de l\u2019instrumentation baroque. Nous avons la chance de disposer d\u2019une source de plus de 400 partitions qui est r\u00e9guli\u00e8rement exploit\u00e9e. Ainsi nous programmons au moins deux ou trois \u0153uvres peu ou pas connues a\u0300 faire d\u00e9couvrir aux c\u00f4t\u00e9s des standards dans tous les styles baroques, en essayant chaque fois de proposer un programme innovant. <br \/>Ainsi tous les styles baroques sont abord\u00e9s : allemand, italien, fran\u00e7ais, mais \u00e9galement musiques d&rsquo;Espagne, Pologne, Danemark&#8230;en fonction des envies, des demandes&#8230;<br \/>L\u2019ensemble se produit en Alsace essentiellement et est ouvert \u00e0 tous types de collaboration.<br \/>Il donne \u00e0 voir et \u00e0 entendre avec passion les joyaux de la musique baroque qu\u2019ils explorent sous toutes ses facettes, ce qui devient un terrain de jeux sans limites !<\/p>\t\t\t\t\t\t\t\t<\/div>\n\t\t\t\t<\/div>\n\t\t\t\t<\/div>\n\t\t\t\t<\/div>\n\t\t\t\t<\/div>\n\t\t","protected":false},"excerpt":{"rendered":"<p>Le Banquet Ev\u00e9nements Contact Le Blog Ensemble vocal et instrumental baroque Le groupe \u00ab\u00a0Le Banquet Musical\u00a0\u00bb se sp\u00e9cialise dans l&rsquo;interpr\u00e9tation de la musique baroque, en mettant l&rsquo;accent sur le r\u00e9pertoire [&hellip;]<\/p>\n","protected":false},"author":1,"featured_media":0,"parent":0,"menu_order":0,"comment_status":"closed","ping_status":"closed","template":"","meta":{"ocean_post_layout":"full-screen","ocean_both_sidebars_style":"","ocean_both_sidebars_content_width":0,"ocean_both_sidebars_sidebars_width":0,"ocean_sidebar":"0","ocean_second_sidebar":"0","ocean_disable_margins":"enable","ocean_add_body_class":"","ocean_shortcode_before_top_bar":"","ocean_shortcode_after_top_bar":"","ocean_shortcode_before_header":"","ocean_shortcode_after_header":"","ocean_has_shortcode":"","ocean_shortcode_after_title":"","ocean_shortcode_before_footer_widgets":"","ocean_shortcode_after_footer_widgets":"","ocean_shortcode_before_footer_bottom":"","ocean_shortcode_after_footer_bottom":"","ocean_display_top_bar":"off","ocean_display_header":"default","ocean_header_style":"","ocean_center_header_left_menu":"0","ocean_custom_header_template":"0","ocean_custom_logo":0,"ocean_custom_retina_logo":0,"ocean_custom_logo_max_width":0,"ocean_custom_logo_tablet_max_width":0,"ocean_custom_logo_mobile_max_width":0,"ocean_custom_logo_max_height":0,"ocean_custom_logo_tablet_max_height":0,"ocean_custom_logo_mobile_max_height":0,"ocean_header_custom_menu":"0","ocean_menu_typo_font_family":"0","ocean_menu_typo_font_subset":"","ocean_menu_typo_font_size":0,"ocean_menu_typo_font_size_tablet":0,"ocean_menu_typo_font_size_mobile":0,"ocean_menu_typo_font_size_unit":"px","ocean_menu_typo_font_weight":"","ocean_menu_typo_font_weight_tablet":"","ocean_menu_typo_font_weight_mobile":"","ocean_menu_typo_transform":"","ocean_menu_typo_transform_tablet":"","ocean_menu_typo_transform_mobile":"","ocean_menu_typo_line_height":0,"ocean_menu_typo_line_height_tablet":0,"ocean_menu_typo_line_height_mobile":0,"ocean_menu_typo_line_height_unit":"","ocean_menu_typo_spacing":0,"ocean_menu_typo_spacing_tablet":0,"ocean_menu_typo_spacing_mobile":0,"ocean_menu_typo_spacing_unit":"","ocean_menu_link_color":"","ocean_menu_link_color_hover":"","ocean_menu_link_color_active":"","ocean_menu_link_background":"","ocean_menu_link_hover_background":"","ocean_menu_link_active_background":"","ocean_menu_social_links_bg":"","ocean_menu_social_hover_links_bg":"","ocean_menu_social_links_color":"","ocean_menu_social_hover_links_color":"","ocean_disable_title":"on","ocean_disable_heading":"default","ocean_post_title":"","ocean_post_subheading":"","ocean_post_title_style":"","ocean_post_title_background_color":"","ocean_post_title_background":0,"ocean_post_title_bg_image_position":"","ocean_post_title_bg_image_attachment":"","ocean_post_title_bg_image_repeat":"","ocean_post_title_bg_image_size":"","ocean_post_title_height":0,"ocean_post_title_bg_overlay":0.5,"ocean_post_title_bg_overlay_color":"","ocean_disable_breadcrumbs":"default","ocean_breadcrumbs_color":"","ocean_breadcrumbs_separator_color":"","ocean_breadcrumbs_links_color":"","ocean_breadcrumbs_links_hover_color":"","ocean_display_footer_widgets":"off","ocean_display_footer_bottom":"off","ocean_custom_footer_template":"0","footnotes":""},"class_list":["post-7","page","type-page","status-publish","hentry","entry"],"jetpack_sharing_enabled":true,"_links":{"self":[{"href":"https:\/\/lebanquetmusical68.fr\/index.php?rest_route=\/wp\/v2\/pages\/7","targetHints":{"allow":["GET"]}}],"collection":[{"href":"https:\/\/lebanquetmusical68.fr\/index.php?rest_route=\/wp\/v2\/pages"}],"about":[{"href":"https:\/\/lebanquetmusical68.fr\/index.php?rest_route=\/wp\/v2\/types\/page"}],"author":[{"embeddable":true,"href":"https:\/\/lebanquetmusical68.fr\/index.php?rest_route=\/wp\/v2\/users\/1"}],"replies":[{"embeddable":true,"href":"https:\/\/lebanquetmusical68.fr\/index.php?rest_route=%2Fwp%2Fv2%2Fcomments&post=7"}],"version-history":[{"count":55,"href":"https:\/\/lebanquetmusical68.fr\/index.php?rest_route=\/wp\/v2\/pages\/7\/revisions"}],"predecessor-version":[{"id":138,"href":"https:\/\/lebanquetmusical68.fr\/index.php?rest_route=\/wp\/v2\/pages\/7\/revisions\/138"}],"wp:attachment":[{"href":"https:\/\/lebanquetmusical68.fr\/index.php?rest_route=%2Fwp%2Fv2%2Fmedia&parent=7"}],"curies":[{"name":"wp","href":"https:\/\/api.w.org\/{rel}","templated":true}]}}